{"id":963,"date":"2021-05-31T17:03:48","date_gmt":"2021-05-31T17:03:48","guid":{"rendered":"https:\/\/grupomya.es\/?page_id=963"},"modified":"2021-06-10T06:30:40","modified_gmt":"2021-06-10T06:30:40","slug":"coack-cooking","status":"publish","type":"page","link":"https:\/\/grupomya.es\/index.php\/coack-cooking\/","title":{"rendered":"Coack Cooking"},"content":{"rendered":"<p>[et_pb_section fb_built=\u00bb1&#8243; _builder_version=\u00bb4.8.2&#8243; _module_preset=\u00bbdefault\u00bb][et_pb_row _builder_version=\u00bb4.8.2&#8243; _module_preset=\u00bbdefault\u00bb][et_pb_column type=\u00bb4_4&#8243; _builder_version=\u00bb4.8.2&#8243; _module_preset=\u00bbdefault\u00bb][et_pb_text _builder_version=\u00bb4.8.2&#8243; _module_preset=\u00bbdefault\u00bb hover_enabled=\u00bb0&#8243; sticky_enabled=\u00bb0&#8243; text_text_shadow_style=\u00bbpreset5&#8243; text_text_shadow_color=\u00bb#E02B20&#8243;]<\/p>\n<h1 style=\"text-align: center; font-size: 50px;\"><span style=\"color: #000000;\"><strong>\u00bfQu\u00e9 tiene que ver la cocina, la motivaci\u00f3n y el compromiso con una empresa?<\/strong><\/span><\/h1>\n<p>[\/et_pb_text][\/et_pb_column][\/et_pb_row][et_pb_row column_structure=\u00bb1_2,1_2&#8243; _builder_version=\u00bb4.8.2&#8243; _module_preset=\u00bbdefault\u00bb][et_pb_column type=\u00bb1_2&#8243; _builder_version=\u00bb4.8.2&#8243; _module_preset=\u00bbdefault\u00bb][et_pb_image src=\u00bbhttps:\/\/grupomya.es\/wp-content\/uploads\/2021\/06\/kitchen-cloth-on-wood-table.jpg\u00bb title_text=\u00bbkitchen-cloth-on-wood-table\u00bb _builder_version=\u00bb4.8.2&#8243; _module_preset=\u00bbdefault\u00bb][\/et_pb_image][\/et_pb_column][et_pb_column type=\u00bb1_2&#8243; _builder_version=\u00bb4.8.2&#8243; _module_preset=\u00bbdefault\u00bb][et_pb_text _builder_version=\u00bb4.8.2&#8243; _module_preset=\u00bbdefault\u00bb custom_margin=\u00bb|61px||157px||\u00bb]<\/p>\n<h3><strong><span style=\"color: #ff0000;\"><\/span><\/strong><\/h3>\n<h3><strong><span style=\"color: #ff0000;\"><\/span><\/strong><\/h3>\n<h3><strong><span style=\"color: #ff0000;\"><\/span><\/strong><\/h3>\n<h3><strong><span style=\"color: #ff0000;\"><\/span><\/strong><\/h3>\n<h1><strong><span style=\"color: #ff0000;\">Motivaci\u00f3n:<\/span><\/strong><\/h1>\n<p><span style=\"color: #000000;\">Relaci\u00f3n con los est\u00edmulos que mueven a la persona a realizar determinadas acciones y persistir en ellas para su culminaci\u00f3n.<\/span><\/p>\n<p><span style=\"color: #000000;\">En la cocina ocurre lo mismo\u00a0<\/span><\/p>\n<p><span style=\"color: #000000;\">El resultado final es un plato (Entrante, principal, postre) y para prepararlo necesitamos los justos ingredientes para llegar al plato final<\/span><\/p>\n<p>[\/et_pb_text][\/et_pb_column][\/et_pb_row][et_pb_row column_structure=\u00bb1_2,1_2&#8243; _builder_version=\u00bb4.8.2&#8243; _module_preset=\u00bbdefault\u00bb][et_pb_column type=\u00bb1_2&#8243; _builder_version=\u00bb4.8.2&#8243; _module_preset=\u00bbdefault\u00bb][et_pb_text _builder_version=\u00bb4.8.2&#8243; _module_preset=\u00bbdefault\u00bb custom_margin=\u00bb|157px||61px||\u00bb]<\/p>\n<h3><span style=\"color: #ff0000;\"><strong><\/strong><\/span><\/h3>\n<h3><span style=\"color: #ff0000;\"><strong><\/strong><\/span><\/h3>\n<h1><span style=\"color: #ff0000;\"><strong>Motivaci\u00f3n a trav\u00e9s de la cocina<\/strong><\/span><\/h1>\n<p><span style=\"color: #000000;\">Un estudio realizado en 142 pa\u00edses en 2017 revela:<\/span><\/p>\n<p><span style=\"color: #000000;\">-S\u00f3lo el 13% est\u00e1n motivado<\/span><\/p>\n<p><span style=\"color: #000000;\">-El 63% est\u00e1 desmotivado<\/span><\/p>\n<p><span style=\"color: #000000;\">-El 24% restante est\u00e1 activamente desmotivado.<\/span><\/p>\n<p>[\/et_pb_text][\/et_pb_column][et_pb_column type=\u00bb1_2&#8243; _builder_version=\u00bb4.8.2&#8243; _module_preset=\u00bbdefault\u00bb][et_pb_image src=\u00bbhttps:\/\/grupomya.es\/wp-content\/uploads\/2021\/06\/IMG_2956.jpg\u00bb title_text=\u00bbIMG_2956&#8243; _builder_version=\u00bb4.8.2&#8243; _module_preset=\u00bbdefault\u00bb][\/et_pb_image][\/et_pb_column][\/et_pb_row][et_pb_row column_structure=\u00bb1_2,1_2&#8243; _builder_version=\u00bb4.8.2&#8243; _module_preset=\u00bbdefault\u00bb][et_pb_column type=\u00bb1_2&#8243; _builder_version=\u00bb4.8.2&#8243; _module_preset=\u00bbdefault\u00bb][et_pb_image src=\u00bbhttps:\/\/grupomya.es\/wp-content\/uploads\/2021\/06\/thumbnail-2.jpg\u00bb title_text=\u00bbthumbnail-(2)\u00bb _builder_version=\u00bb4.8.2&#8243; _module_preset=\u00bbdefault\u00bb][\/et_pb_image][\/et_pb_column][et_pb_column type=\u00bb1_2&#8243; _builder_version=\u00bb4.8.2&#8243; _module_preset=\u00bbdefault\u00bb][et_pb_text _builder_version=\u00bb4.8.2&#8243; _module_preset=\u00bbdefault\u00bb custom_margin=\u00bb|61px||157px||\u00bb]<\/p>\n<h2><span style=\"color: #ff0000;\"><strong><\/strong><\/span><\/h2>\n<h2><span style=\"color: #ff0000;\"><strong><\/strong><\/span><\/h2>\n<h2><span style=\"color: #ff0000;\"><strong><\/strong><\/span><\/h2>\n<h2><span style=\"color: #ff0000;\"><strong><\/strong><\/span><\/h2>\n<h2><span style=\"color: #ff0000;\"><strong><\/strong><\/span><\/h2>\n<h2><span style=\"color: #ff0000;\"><strong><\/strong><\/span><\/h2>\n<h2><span style=\"color: #ff0000;\"><strong><\/strong><\/span><\/h2>\n<h2><span style=\"color: #ff0000;\"><strong><\/strong><\/span><\/h2>\n<h1><span style=\"color: #ff0000;\"><strong>\u00bfEn qu\u00e9 Consiste?<\/strong><\/span><\/h1>\n<p><span style=\"color: #ff0000;\"><strong><\/strong><\/span><\/p>\n<p><span style=\"color: #000000;\">La cocina es la herramienta ideal para el desarrollo de competencias profesionales y el fomento del trabajo en equipo con el Team cooking.<\/span><\/p>\n<p>[\/et_pb_text][\/et_pb_column][\/et_pb_row][et_pb_row column_structure=\u00bb1_2,1_2&#8243; _builder_version=\u00bb4.8.2&#8243; _module_preset=\u00bbdefault\u00bb][et_pb_column type=\u00bb1_2&#8243; _builder_version=\u00bb4.8.2&#8243; _module_preset=\u00bbdefault\u00bb][et_pb_text _builder_version=\u00bb4.8.2&#8243; _module_preset=\u00bbdefault\u00bb custom_margin=\u00bb|157px||61px||\u00bb]<\/p>\n<h1><span style=\"color: #ff0000;\"><strong><\/strong><\/span><\/h1>\n<h3><span style=\"color: #ff0000;\"><strong><\/strong><\/span><\/h3>\n<h3><span style=\"color: #ff0000;\"><strong><\/strong><\/span><\/h3>\n<h3><span style=\"color: #ff0000;\"><strong><\/strong><\/span><\/h3>\n<h3><span style=\"color: #ff0000;\"><strong><\/strong><\/span><\/h3>\n<h3><span style=\"color: #ff0000;\"><strong><\/strong><\/span><\/h3>\n<h1><span style=\"color: #ff0000;\"><strong>Coach &amp; Cooking: Objetivos.<\/strong><\/span><\/h1>\n<p><span style=\"color: #ff0000;\"><strong><\/strong><\/span><\/p>\n<p><span style=\"color: #000000;\">Dar consciencia del compromiso del trabajador con la empresa<\/span><\/p>\n<p><span style=\"color: #000000;\">Aumentar la productividad y efectividad laboral.<\/span><\/p>\n<p><span style=\"color: #000000;\">Mejorar el clima de trabajo<\/span><\/p>\n<p>[\/et_pb_text][\/et_pb_column][et_pb_column type=\u00bb1_2&#8243; _builder_version=\u00bb4.8.2&#8243; _module_preset=\u00bbdefault\u00bb][et_pb_image src=\u00bbhttps:\/\/grupomya.es\/wp-content\/uploads\/2021\/06\/group-of-businesspeople-standing-in-the-office-looking-at-laptop-in-the-office.jpg\u00bb title_text=\u00bbgroup-of-businesspeople-standing-in-the-office-looking-at-laptop-in-the-office\u00bb _builder_version=\u00bb4.8.2&#8243; _module_preset=\u00bbdefault\u00bb][\/et_pb_image][\/et_pb_column][\/et_pb_row][et_pb_row column_structure=\u00bb1_2,1_2&#8243; _builder_version=\u00bb4.8.2&#8243; _module_preset=\u00bbdefault\u00bb][et_pb_column type=\u00bb1_2&#8243; _builder_version=\u00bb4.8.2&#8243; _module_preset=\u00bbdefault\u00bb][et_pb_image src=\u00bbhttps:\/\/grupomya.es\/wp-content\/uploads\/2021\/06\/thumbnail-1.jpg\u00bb title_text=\u00bbthumbnail-(1)\u00bb _builder_version=\u00bb4.8.2&#8243; _module_preset=\u00bbdefault\u00bb][\/et_pb_image][\/et_pb_column][et_pb_column type=\u00bb1_2&#8243; _builder_version=\u00bb4.8.2&#8243; _module_preset=\u00bbdefault\u00bb][et_pb_text _builder_version=\u00bb4.8.2&#8243; _module_preset=\u00bbdefault\u00bb custom_margin=\u00bb|61px||157px||\u00bb]<\/p>\n<h3><span style=\"color: #ff0000;\"><strong><\/strong><\/span><\/h3>\n<h3><span style=\"color: #ff0000;\"><strong><\/strong><\/span><\/h3>\n<h3><span style=\"color: #ff0000;\"><strong><\/strong><\/span><\/h3>\n<h3><span style=\"color: #ff0000;\"><strong><\/strong><\/span><\/h3>\n<h3><span style=\"color: #ff0000;\"><strong><\/strong><\/span><\/h3>\n<h3><span style=\"color: #ff0000;\"><strong><\/strong><\/span><\/h3>\n<h1><span style=\"color: #ff0000;\"><strong>Coach &amp; Cooking: Organizaci\u00f3n<\/strong><\/span><\/h1>\n<h3><\/h3>\n<p>Para que sea efectivo: Estudio previo.<\/p>\n<p>Realizaci\u00f3n de los Grupos por departamentos, donde la clave de organizarlos con un objetivo.<\/p>\n<p>Estudio individual y grupal Final.<\/p>\n<p>[\/et_pb_text][\/et_pb_column][\/et_pb_row][\/et_pb_section][et_pb_section fb_built=\u00bb1&#8243; admin_label=\u00bbContact Info\u00bb _builder_version=\u00bb3.22&#8243; custom_padding=\u00bb54px|0|80px|0px|false|false\u00bb global_module=\u00bb219&#8243;][et_pb_row column_structure=\u00bb2_3,1_3&#8243; make_equal=\u00bbon\u00bb custom_padding_last_edited=\u00bboff|desktop\u00bb padding_top_bottom_link_1=\u00bbtrue\u00bb padding_top_bottom_link_2=\u00bbtrue\u00bb padding_left_right_link_1=\u00bbfalse\u00bb padding_left_right_link_2=\u00bbtrue\u00bb _builder_version=\u00bb3.25&#8243; background_color=\u00bb#ffffff\u00bb max_width=\u00bb1280px\u00bb custom_padding=\u00bb0px||0px||true\u00bb custom_padding_phone=\u00bb|20px||20px||true\u00bb animation_style=\u00bbzoom\u00bb animation_intensity_zoom=\u00bb2%\u00bb border_radii=\u00bbon|12px|12px|12px|12px\u00bb box_shadow_style=\u00bbpreset1&#8243; box_shadow_vertical=\u00bb50px\u00bb box_shadow_blur=\u00bb80px\u00bb box_shadow_color=\u00bbrgba(15,19,25,0.1)\u00bb use_custom_width=\u00bbon\u00bb custom_width_px=\u00bb1280px\u00bb][et_pb_column type=\u00bb2_3&#8243; _builder_version=\u00bb3.25&#8243; custom_padding=\u00bb60px||60px|40px\u00bb custom_padding_tablet=\u00bb|40px||\u00bb custom_padding_phone=\u00bb40px|20px|40px|20px|true|true\u00bb custom_padding_last_edited=\u00bbon|tablet\u00bb custom_padding__hover=\u00bb|||\u00bb][et_pb_text _builder_version=\u00bb3.27.4&#8243; text_font=\u00bb||||||||\u00bb text_font_size=\u00bb16px\u00bb text_line_height=\u00bb2em\u00bb ul_font=\u00bb||||||||\u00bb ol_font=\u00bb||||||||\u00bb header_font=\u00bb||||||||\u00bb header_2_font=\u00bbEB Garamond||||||||\u00bb header_2_font_size=\u00bb50px\u00bb header_2_line_height=\u00bb1.3em\u00bb header_3_font=\u00bb||||||||\u00bb header_4_font=\u00bb|700||on|||||\u00bb header_4_text_color=\u00bb#ffdaa4&#8243; header_4_font_size=\u00bb12px\u00bb header_4_letter_spacing=\u00bb2px\u00bb header_4_line_height=\u00bb2em\u00bb header_5_font=\u00bb||||||||\u00bb header_6_font=\u00bb||||||||\u00bb header_2_font_size_tablet=\u00bb40px\u00bb header_2_font_size_phone=\u00bb30px\u00bb header_2_font_size_last_edited=\u00bbon|phone\u00bb locked=\u00bboff\u00bb]<\/p>\n<h4>ff <\/h4>\n<h2>\u00a1Estamos a tu disposici\u00f3n!<\/h2>\n<p>[\/et_pb_text][et_pb_contact_form captcha=\u00bboff\u00bb email=\u00bbinfo@grupomya.es\u00bb module_id=\u00bbet_pb_contact_form_0&#8243; _builder_version=\u00bb3.23&#8243; form_field_background_color=\u00bb#f3f4f5&#8243; form_field_line_height=\u00bb2em\u00bb custom_button=\u00bbon\u00bb button_text_size=\u00bb16px\u00bb button_text_color=\u00bb#ffffff\u00bb button_bg_color=\u00bb#ff4d54&#8243; button_border_width=\u00bb10px\u00bb button_border_color=\u00bbrgba(0,0,0,0)\u00bb button_border_radius=\u00bb100px\u00bb button_letter_spacing=\u00bb1px\u00bb button_font=\u00bb|700||on|||||\u00bb border_radii=\u00bbon|3px|3px|3px|3px\u00bb box_shadow_style_button=\u00bbpreset1&#8243; box_shadow_vertical_button=\u00bb10px\u00bb box_shadow_blur_button=\u00bb30px\u00bb box_shadow_color_button=\u00bbrgba(255,77,84,0.24)\u00bb form_background_color=\u00bb#f3f4f5&#8243; button_letter_spacing_hover=\u00bb1px\u00bb][et_pb_contact_field field_id=\u00bbNombre\u00bb field_title=\u00bbName\u00bb _builder_version=\u00bb3.17.2&#8243; button_text_size__hover_enabled=\u00bboff\u00bb button_one_text_size__hover_enabled=\u00bboff\u00bb button_two_text_size__hover_enabled=\u00bboff\u00bb button_text_color__hover_enabled=\u00bboff\u00bb button_one_text_color__hover_enabled=\u00bboff\u00bb button_two_text_color__hover_enabled=\u00bboff\u00bb button_border_width__hover_enabled=\u00bboff\u00bb button_one_border_width__hover_enabled=\u00bboff\u00bb button_two_border_width__hover_enabled=\u00bboff\u00bb button_border_color__hover_enabled=\u00bboff\u00bb button_one_border_color__hover_enabled=\u00bboff\u00bb button_two_border_color__hover_enabled=\u00bboff\u00bb button_border_radius__hover_enabled=\u00bboff\u00bb button_one_border_radius__hover_enabled=\u00bboff\u00bb button_two_border_radius__hover_enabled=\u00bboff\u00bb button_letter_spacing__hover_enabled=\u00bboff\u00bb button_one_letter_spacing__hover_enabled=\u00bboff\u00bb button_two_letter_spacing__hover_enabled=\u00bboff\u00bb button_bg_color__hover_enabled=\u00bboff\u00bb button_one_bg_color__hover_enabled=\u00bboff\u00bb button_two_bg_color__hover_enabled=\u00bboff\u00bb][\/et_pb_contact_field][et_pb_contact_field field_id=\u00bbEmail\u00bb field_title=\u00bbEmail \u00bb field_type=\u00bbemail\u00bb _builder_version=\u00bb3.17.2&#8243; button_text_size__hover_enabled=\u00bboff\u00bb button_one_text_size__hover_enabled=\u00bboff\u00bb button_two_text_size__hover_enabled=\u00bboff\u00bb button_text_color__hover_enabled=\u00bboff\u00bb button_one_text_color__hover_enabled=\u00bboff\u00bb button_two_text_color__hover_enabled=\u00bboff\u00bb button_border_width__hover_enabled=\u00bboff\u00bb button_one_border_width__hover_enabled=\u00bboff\u00bb button_two_border_width__hover_enabled=\u00bboff\u00bb button_border_color__hover_enabled=\u00bboff\u00bb button_one_border_color__hover_enabled=\u00bboff\u00bb button_two_border_color__hover_enabled=\u00bboff\u00bb button_border_radius__hover_enabled=\u00bboff\u00bb button_one_border_radius__hover_enabled=\u00bboff\u00bb button_two_border_radius__hover_enabled=\u00bboff\u00bb button_letter_spacing__hover_enabled=\u00bboff\u00bb button_one_letter_spacing__hover_enabled=\u00bboff\u00bb button_two_letter_spacing__hover_enabled=\u00bboff\u00bb button_bg_color__hover_enabled=\u00bboff\u00bb button_one_bg_color__hover_enabled=\u00bboff\u00bb button_two_bg_color__hover_enabled=\u00bboff\u00bb][\/et_pb_contact_field][et_pb_contact_field field_id=\u00bbMessage\u00bb field_title=\u00bbTexto\u00bb field_type=\u00bbtext\u00bb fullwidth_field=\u00bbon\u00bb _builder_version=\u00bb3.17.2&#8243; form_field_font=\u00bb||||||||\u00bb custom_margin=\u00bb||40px|\u00bb button_text_size__hover_enabled=\u00bboff\u00bb button_one_text_size__hover_enabled=\u00bboff\u00bb button_two_text_size__hover_enabled=\u00bboff\u00bb button_text_color__hover_enabled=\u00bboff\u00bb button_one_text_color__hover_enabled=\u00bboff\u00bb button_two_text_color__hover_enabled=\u00bboff\u00bb button_border_width__hover_enabled=\u00bboff\u00bb button_one_border_width__hover_enabled=\u00bboff\u00bb button_two_border_width__hover_enabled=\u00bboff\u00bb button_border_color__hover_enabled=\u00bboff\u00bb button_one_border_color__hover_enabled=\u00bboff\u00bb button_two_border_color__hover_enabled=\u00bboff\u00bb button_border_radius__hover_enabled=\u00bboff\u00bb button_one_border_radius__hover_enabled=\u00bboff\u00bb button_two_border_radius__hover_enabled=\u00bboff\u00bb button_letter_spacing__hover_enabled=\u00bboff\u00bb button_one_letter_spacing__hover_enabled=\u00bboff\u00bb button_two_letter_spacing__hover_enabled=\u00bboff\u00bb button_bg_color__hover_enabled=\u00bboff\u00bb button_one_bg_color__hover_enabled=\u00bboff\u00bb button_two_bg_color__hover_enabled=\u00bboff\u00bb][\/et_pb_contact_field][\/et_pb_contact_form][\/et_pb_column][et_pb_column type=\u00bb1_3&#8243; _builder_version=\u00bb3.25&#8243; background_color=\u00bb#ffdaa4&#8243; custom_padding=\u00bb60px|40px|60px|40px\u00bb custom_padding_tablet=\u00bb60px||60px||true|true\u00bb custom_padding_phone=\u00bb40px|20px|40px|20px|true|true\u00bb custom_padding_last_edited=\u00bbon|tablet\u00bb custom_padding__hover=\u00bb|||\u00bb][et_pb_text _builder_version=\u00bb3.27.4&#8243; text_font=\u00bb||||||||\u00bb text_font_size=\u00bb15px\u00bb text_line_height=\u00bb2em\u00bb header_font=\u00bb||||||||\u00bb header_2_font=\u00bb||||||||\u00bb header_3_font=\u00bbEB Garamond||||||||\u00bb header_3_font_size=\u00bb30px\u00bb header_3_line_height=\u00bb1.4em\u00bb header_4_font=\u00bb|700||on|||||\u00bb header_4_text_color=\u00bbrgba(0,0,0,0.21)\u00bb header_4_font_size=\u00bb12px\u00bb header_4_letter_spacing=\u00bb2px\u00bb header_4_line_height=\u00bb2em\u00bb text_line_height_tablet=\u00bb\u00bb text_line_height_phone=\u00bb1.6em\u00bb text_line_height_last_edited=\u00bbon|phone\u00bb header_3_font_size_phone=\u00bb30px\u00bb header_3_font_size_last_edited=\u00bboff|desktop\u00bb locked=\u00bboff\u00bb]<\/p>\n<h4>\u00a0<\/h4>\n<h3>Contacta<\/h3>\n<p>[\/et_pb_text][et_pb_blurb title=\u00bbDireccion de Email\u00bb use_icon=\u00bbon\u00bb font_icon=\u00bb%%238%%\u00bb icon_color=\u00bb#1d2530&#8243; icon_placement=\u00bbleft\u00bb content_max_width=\u00bb1100px\u00bb image_max_width_phone=\u00bb50px\u00bb image_max_width_last_edited=\u00bboff|desktop\u00bb _builder_version=\u00bb3.11&#8243; header_font=\u00bb|600|||||||\u00bb header_font_size=\u00bb18px\u00bb header_line_height=\u00bb1.6em\u00bb body_font=\u00bb||||||||\u00bb body_font_size=\u00bb15px\u00bb body_line_height=\u00bb2em\u00bb header_font_size_tablet=\u00bb\u00bb header_font_size_phone=\u00bb15px\u00bb header_font_size_last_edited=\u00bbon|phone\u00bb body_line_height_tablet=\u00bb\u00bb body_line_height_phone=\u00bb1.6em\u00bb body_line_height_last_edited=\u00bbon|phone\u00bb locked=\u00bboff\u00bb]<\/p>\n<p>info@grupomya.es<br \/>comercial@grupomya.es<\/p>\n<p>[\/et_pb_blurb][et_pb_blurb title=\u00bbDirecci\u00f3n Alcala la Real\u00bb use_icon=\u00bbon\u00bb font_icon=\u00bb%%249%%\u00bb icon_color=\u00bb#1d2530&#8243; icon_placement=\u00bbleft\u00bb content_max_width=\u00bb1100px\u00bb image_max_width_phone=\u00bb50px\u00bb image_max_width_last_edited=\u00bboff|desktop\u00bb _builder_version=\u00bb3.11&#8243; header_font=\u00bb|600|||||||\u00bb header_font_size=\u00bb18px\u00bb header_line_height=\u00bb1.6em\u00bb body_font=\u00bb||||||||\u00bb body_font_size=\u00bb15px\u00bb body_line_height=\u00bb2em\u00bb header_font_size_tablet=\u00bb\u00bb header_font_size_phone=\u00bb15px\u00bb header_font_size_last_edited=\u00bbon|phone\u00bb body_line_height_tablet=\u00bb\u00bb body_line_height_phone=\u00bb1.6em\u00bb body_line_height_last_edited=\u00bbon|phone\u00bb locked=\u00bboff\u00bb]<\/p>\n<p>Avenida de Iberoamerica 11 (local comercial)<br \/>Alcal\u00e1 la Real (Ja\u00e9n)<\/p>\n<p>[\/et_pb_blurb][et_pb_blurb title=\u00bbDirecci\u00f3n Ja\u00e9n\u00bb use_icon=\u00bbon\u00bb font_icon=\u00bb%%249%%\u00bb icon_color=\u00bb#1d2530&#8243; icon_placement=\u00bbleft\u00bb content_max_width=\u00bb1100px\u00bb image_max_width_phone=\u00bb50px\u00bb image_max_width_last_edited=\u00bboff|desktop\u00bb _builder_version=\u00bb3.11&#8243; header_font=\u00bb|600|||||||\u00bb header_font_size=\u00bb18px\u00bb header_line_height=\u00bb1.6em\u00bb body_font=\u00bb||||||||\u00bb body_font_size=\u00bb15px\u00bb body_line_height=\u00bb2em\u00bb header_font_size_tablet=\u00bb\u00bb header_font_size_phone=\u00bb15px\u00bb header_font_size_last_edited=\u00bbon|phone\u00bb body_line_height_tablet=\u00bb\u00bb body_line_height_phone=\u00bb1.6em\u00bb body_line_height_last_edited=\u00bbon|phone\u00bb locked=\u00bboff\u00bb]<\/p>\n<p>Ortega Nieto Parcela 19 N\u00aa4<br \/>Ja\u00e9n<\/p>\n<p>[\/et_pb_blurb][et_pb_blurb title=\u00bbTelefonos\u00bb use_icon=\u00bbon\u00bb font_icon=\u00bb%%264%%\u00bb icon_color=\u00bb#1d2530&#8243; icon_placement=\u00bbleft\u00bb content_max_width=\u00bb1100px\u00bb image_max_width_phone=\u00bb50px\u00bb image_max_width_last_edited=\u00bboff|desktop\u00bb _builder_version=\u00bb3.11&#8243; header_font=\u00bb|600|||||||\u00bb header_font_size=\u00bb18px\u00bb header_line_height=\u00bb1.6em\u00bb body_font=\u00bb||||||||\u00bb body_font_size=\u00bb15px\u00bb body_line_height=\u00bb2em\u00bb header_font_size_tablet=\u00bb\u00bb header_font_size_phone=\u00bb15px\u00bb header_font_size_last_edited=\u00bbon|phone\u00bb body_line_height_tablet=\u00bb\u00bb body_line_height_phone=\u00bb1.6em\u00bb body_line_height_last_edited=\u00bbon|phone\u00bb locked=\u00bboff\u00bb]<\/p>\n<p>Alcal\u00e1 la Real: 953583528<br \/>Ja\u00e9n: 953578817<\/p>\n<p>[\/et_pb_blurb][\/et_pb_column][\/et_pb_row][\/et_pb_section]<\/p>\n","protected":false},"excerpt":{"rendered":"<p>[et_pb_section fb_built=\u00bb1&#8243; _builder_version=\u00bb4.8.2&#8243; _module_preset=\u00bbdefault\u00bb][et_pb_row _builder_version=\u00bb4.8.2&#8243; _module_preset=\u00bbdefault\u00bb][et_pb_column type=\u00bb4_4&#8243; _builder_version=\u00bb4.8.2&#8243; _module_preset=\u00bbdefault\u00bb][et_pb_text _builder_version=\u00bb4.8.2&#8243; _module_preset=\u00bbdefault\u00bb hover_enabled=\u00bb0&#8243; sticky_enabled=\u00bb0&#8243; text_text_shadow_style=\u00bbpreset5&#8243; text_text_shadow_color=\u00bb#E02B20&#8243;] \u00bfQu\u00e9 tiene que ver la cocina, la motivaci\u00f3n y el compromiso con una empresa? [\/et_pb_text][\/et_pb_column][\/et_pb_row][et_pb_row column_structure=\u00bb1_2,1_2&#8243; _builder_version=\u00bb4.8.2&#8243; _module_preset=\u00bbdefault\u00bb][et_pb_column type=\u00bb1_2&#8243; _builder_version=\u00bb4.8.2&#8243; _module_preset=\u00bbdefault\u00bb][et_pb_image src=\u00bbhttps:\/\/grupomya.es\/wp-content\/uploads\/2021\/06\/kitchen-cloth-on-wood-table.jpg\u00bb title_text=\u00bbkitchen-cloth-on-wood-table\u00bb _builder_version=\u00bb4.8.2&#8243; _module_preset=\u00bbdefault\u00bb][\/et_pb_image][\/et_pb_column][et_pb_column type=\u00bb1_2&#8243; _builder_version=\u00bb4.8.2&#8243; _module_preset=\u00bbdefault\u00bb][et_pb_text _builder_version=\u00bb4.8.2&#8243; _module_preset=\u00bbdefault\u00bb custom_margin=\u00bb|61px||157px||\u00bb] Motivaci\u00f3n: Relaci\u00f3n con los est\u00edmulos que mueven a la [&hellip;]<\/p>\n","protected":false},"author":2,"featured_media":0,"parent":0,"menu_order":1,"comment_status":"closed","ping_status":"closed","template":"","meta":{"_et_pb_use_builder":"on","_et_pb_old_content":"","_et_gb_content_width":""},"_links":{"self":[{"href":"https:\/\/grupomya.es\/index.php\/wp-json\/wp\/v2\/pages\/963"}],"collection":[{"href":"https:\/\/grupomya.es\/index.php\/wp-json\/wp\/v2\/pages"}],"about":[{"href":"https:\/\/grupomya.es\/index.php\/wp-json\/wp\/v2\/types\/page"}],"author":[{"embeddable":true,"href":"https:\/\/grupomya.es\/index.php\/wp-json\/wp\/v2\/users\/2"}],"replies":[{"embeddable":true,"href":"https:\/\/grupomya.es\/index.php\/wp-json\/wp\/v2\/comments?post=963"}],"version-history":[{"count":6,"href":"https:\/\/grupomya.es\/index.php\/wp-json\/wp\/v2\/pages\/963\/revisions"}],"predecessor-version":[{"id":1374,"href":"https:\/\/grupomya.es\/index.php\/wp-json\/wp\/v2\/pages\/963\/revisions\/1374"}],"wp:attachment":[{"href":"https:\/\/grupomya.es\/index.php\/wp-json\/wp\/v2\/media?parent=963"}],"curies":[{"name":"wp","href":"https:\/\/api.w.org\/{rel}","templated":true}]}}