{"id":1115,"date":"2021-06-04T10:31:25","date_gmt":"2021-06-04T10:31:25","guid":{"rendered":"https:\/\/grupomya.es\/?page_id=1115"},"modified":"2021-06-08T14:47:29","modified_gmt":"2021-06-08T14:47:29","slug":"rite-2","status":"publish","type":"page","link":"https:\/\/grupomya.es\/index.php\/rite-2\/","title":{"rendered":"Rite"},"content":{"rendered":"<p>[et_pb_section fb_built=\u00bb1&#8243; custom_padding_last_edited=\u00bbon|desktop\u00bb admin_label=\u00bbHeader\u00bb _builder_version=\u00bb3.22&#8243; background_image=\u00bbhttps:\/\/grupomya.es\/wp-content\/uploads\/2018\/10\/portada.jpg\u00bb background_size=\u00bbcontain\u00bb background_position=\u00bbtop_right\u00bb custom_padding=\u00bb110px|||0|false|false\u00bb custom_padding_tablet=\u00bb140px|0px|50px|0px|false|false\u00bb custom_padding_phone=\u00bb120px|||\u00bb][et_pb_row column_structure=\u00bb1_2,1_2&#8243; _builder_version=\u00bb3.25&#8243; max_width=\u00bb1280px\u00bb use_custom_width=\u00bbon\u00bb custom_width_px=\u00bb1280px\u00bb][et_pb_column type=\u00bb1_2&#8243; _builder_version=\u00bb3.25&#8243; custom_padding=\u00bb|||\u00bb custom_padding__hover=\u00bb|||\u00bb][et_pb_text _builder_version=\u00bb3.27.4&#8243; text_font=\u00bb||||||||\u00bb text_font_size=\u00bb18px\u00bb text_line_height=\u00bb2em\u00bb header_font=\u00bbEB Garamond||||||||\u00bb header_font_size=\u00bb60px\u00bb header_line_height=\u00bb1.3em\u00bb max_width=\u00bb600px\u00bb text_font_size_tablet=\u00bb\u00bb text_font_size_phone=\u00bb15px\u00bb text_font_size_last_edited=\u00bbon|phone\u00bb text_line_height_tablet=\u00bb\u00bb text_line_height_phone=\u00bb1.6em\u00bb text_line_height_last_edited=\u00bbon|phone\u00bb header_font_size_tablet=\u00bb50px\u00bb header_font_size_phone=\u00bb32px\u00bb header_font_size_last_edited=\u00bbon|phone\u00bb]<\/p>\n<h1><img loading=\"lazy\" class=\"wp-image-11 alignnone size-medium\" src=\"https:\/\/grupomya.es\/wp-content\/uploads\/2018\/10\/logo_soluciones_estrategicas-300x84.png\" alt=\"\" width=\"445\" height=\"125\" srcset=\"https:\/\/grupomya.es\/wp-content\/uploads\/2018\/10\/logo_soluciones_estrategicas-300x84.png 300w, https:\/\/grupomya.es\/wp-content\/uploads\/2018\/10\/logo_soluciones_estrategicas-768x214.png 768w, https:\/\/grupomya.es\/wp-content\/uploads\/2018\/10\/logo_soluciones_estrategicas-1024x286.png 1024w, https:\/\/grupomya.es\/wp-content\/uploads\/2018\/10\/logo_soluciones_estrategicas.png 1039w\" sizes=\"(max-width: 445px) 100vw, 445px\" \/><\/h1>\n<p style=\"text-align: center;\">Formaci\u00f3n . Empleo . Certificados de Profesionalidad . Marketing . Gesti\u00f3n Empresarial . Asesor\u00eda de Empresas . Dise\u00f1o WEB . Marketing Online<\/p>\n<p>[\/et_pb_text][\/et_pb_column][et_pb_column type=\u00bb1_2&#8243; _builder_version=\u00bb3.25&#8243; custom_padding=\u00bb|||\u00bb custom_padding__hover=\u00bb|||\u00bb][\/et_pb_column][\/et_pb_row][\/et_pb_section][et_pb_section fb_built=\u00bb1&#8243; _builder_version=\u00bb4.8.2&#8243; _module_preset=\u00bbdefault\u00bb custom_padding=\u00bb24px||0px|||\u00bb][et_pb_row _builder_version=\u00bb4.8.2&#8243; _module_preset=\u00bbdefault\u00bb][et_pb_column type=\u00bb4_4&#8243; _builder_version=\u00bb4.8.2&#8243; _module_preset=\u00bbdefault\u00bb][et_pb_text _builder_version=\u00bb4.8.2&#8243; _module_preset=\u00bbdefault\u00bb text_text_shadow_style=\u00bbpreset5&#8243; text_text_shadow_color=\u00bb#E02B20&#8243;]<\/p>\n<h1 style=\"text-align: center; font-size: 50px;\"><span style=\"color: #000000;\"><strong>RITE<\/strong><\/span><\/h1>\n<p>[\/et_pb_text][\/et_pb_column][\/et_pb_row][et_pb_row column_structure=\u00bb1_2,1_2&#8243; _builder_version=\u00bb4.8.2&#8243; _module_preset=\u00bbdefault\u00bb][et_pb_column type=\u00bb1_2&#8243; _builder_version=\u00bb4.8.2&#8243; _module_preset=\u00bbdefault\u00bb][et_pb_image src=\u00bbhttps:\/\/grupomya.es\/wp-content\/uploads\/2021\/06\/TS-mantenimiento-instalaciones-termicas-y-de-fluidos-848x449_1.jpg\u00bb title_text=\u00bbTS-mantenimiento-instalaciones-termicas-y-de-fluidos-848x449_1&#8243; _builder_version=\u00bb4.8.2&#8243; _module_preset=\u00bbdefault\u00bb][\/et_pb_image][\/et_pb_column][et_pb_column type=\u00bb1_2&#8243; _builder_version=\u00bb4.8.2&#8243; _module_preset=\u00bbdefault\u00bb][et_pb_text _builder_version=\u00bb4.8.2&#8243; _module_preset=\u00bbdefault\u00bb custom_padding=\u00bb|10px||||\u00bb]<\/p>\n<h1 style=\"text-align: justify;\"><span style=\"color: #e02b20;\">\u00bfQu\u00e9 es y para qu\u00e9 sirve el RITE?<\/span><\/h1>\n<p style=\"text-align: justify;\"><span style=\"color: #000000;\">El RITE es el reglamento espa\u00f1ol que regulariza lo relativo a la instalaci\u00f3n y mantenimiento de\u00a0<\/span><span style=\"color: #000000;\">las instalaciones de climatizaci\u00f3n (ventilaci\u00f3n, calefacci\u00f3n y refrigeraci\u00f3n) y de producci\u00f3n de\u00a0<\/span><span style=\"color: #000000;\">agua caliente sanitaria.<\/span><\/p>\n<p style=\"text-align: justify;\"><span style=\"color: #000000;\">El carn\u00e9 profesional RITE, tambi\u00e9n denominado carn\u00e9 en instalaciones t\u00e9rmicas de edificios, es\u00a0<\/span><span style=\"color: #000000;\">el documento acreditativo de la capacidad del titular para desempe\u00f1ar las actividades de\u00a0<\/span><span style=\"color: #000000;\">instalaci\u00f3n y mantenimiento de las instalaciones en edificios, como instalador o mantenedor\u00a0<\/span><span style=\"color: #000000;\">autorizado.<\/span><\/p>\n<p>[\/et_pb_text][\/et_pb_column][\/et_pb_row][et_pb_row column_structure=\u00bb1_2,1_2&#8243; _builder_version=\u00bb4.8.2&#8243; _module_preset=\u00bbdefault\u00bb custom_margin=\u00bb80px|-202px||126px||\u00bb][et_pb_column type=\u00bb1_2&#8243; _builder_version=\u00bb4.8.2&#8243; _module_preset=\u00bbdefault\u00bb][et_pb_text _builder_version=\u00bb4.8.2&#8243; _module_preset=\u00bbdefault\u00bb custom_padding=\u00bb|12px||3px||\u00bb]<\/p>\n<h1 style=\"text-align: justify;\"><span style=\"color: #e02b20;\">\u00bfQu\u00e9 exigencias en eficiencia energ\u00e9tica establece el nuevo Reglamento de Instalaciones T\u00e9rmicas en los Edificios?<\/span><\/h1>\n<p>&nbsp;<\/p>\n<p style=\"text-align: justify;\"><span style=\"color: #000000;\">Las instalaciones destinadas a atender la demanda de bienestar t\u00e9rmico e higiene a trav\u00e9s de las instalaciones de calefacci\u00f3n, climatizaci\u00f3n y agua caliente sanitaria, para conseguir un uso racional de la energ\u00eda. Las mayores exigencias en eficiencia energ\u00e9tica que establece el Real Decreto son:<\/span><\/p>\n<p style=\"text-align: justify;\"><span style=\"color: #000000;\">\u2666 Revisi\u00f3n peri\u00f3dica en intervalos no superiores a cinco a\u00f1os de la exigencia de eficiencia energ\u00e9tica.<\/span><\/p>\n<p style=\"text-align: justify;\"><span style=\"color: #000000;\"><span>\u2666\u00a0<\/span>Mayor Rendimiento Energ\u00e9tico en los equipos de generaci\u00f3n de calor y fr\u00edo, as\u00ed como los destinados al movimiento y transporte de fluidos.<\/span><\/p>\n<p style=\"text-align: justify;\"><span style=\"color: #000000;\"><span>\u2666\u00a0<\/span>Mejor aislamiento en los equipos y conducciones de los fluidos t\u00e9rmicos.<\/span><\/p>\n<p style=\"text-align: justify;\"><span style=\"color: #000000;\"><span>\u2666\u00a0<\/span>Mejor regulaci\u00f3n y control para mantener las condiciones de dise\u00f1o previstas en los locales climatizados.<\/span><\/p>\n<p style=\"text-align: justify;\"><span style=\"color: #000000;\"><span>\u2666\u00a0<\/span>Utilizaci\u00f3n de energ\u00edas renovables disponibles, en especial la energ\u00eda solar y la biomasa.<\/span><\/p>\n<p style=\"text-align: justify;\"><span style=\"color: #000000;\"><span>\u2666\u00a0<\/span>Incorporaci\u00f3n de subsistemas de recuperaci\u00f3n de energ\u00eda y el aprovechamiento de energ\u00edas residuales.<\/span><\/p>\n<p style=\"text-align: justify;\"><span style=\"color: #000000;\"><span>\u2666\u00a0<\/span>Sistemas obligatorios de contabilizaci\u00f3n de consumos en el caso de instalaciones colectivas.<\/span><\/p>\n<p style=\"text-align: justify;\"><span style=\"color: #000000;\"><span>\u2666\u00a0<\/span>Desaparici\u00f3n gradual de combustibles s\u00f3lidos m\u00e1s contaminantes.<\/span><\/p>\n<p style=\"text-align: justify;\"><span style=\"color: #000000;\"><span>\u2666\u00a0<\/span>Desaparici\u00f3n gradual de equipos generadores menos eficientes.<\/span><\/p>\n<p>[\/et_pb_text][\/et_pb_column][et_pb_column type=\u00bb1_2&#8243; _builder_version=\u00bb4.8.2&#8243; _module_preset=\u00bbdefault\u00bb][et_pb_image src=\u00bbhttps:\/\/grupomya.es\/wp-content\/uploads\/2021\/06\/unnamed-1_1.jpg\u00bb title_text=\u00bbunnamed-(1)_1&#8243; _builder_version=\u00bb4.8.2&#8243; _module_preset=\u00bbdefault\u00bb][\/et_pb_image][et_pb_image src=\u00bbhttps:\/\/grupomya.es\/wp-content\/uploads\/2021\/06\/instalacion-calefaccion-suelo-radiante-lugo-04_1.jpg\u00bb title_text=\u00bbinstalacion-calefaccion-suelo-radiante-lugo-04_1&#8243; _builder_version=\u00bb4.8.2&#8243; _module_preset=\u00bbdefault\u00bb][\/et_pb_image][\/et_pb_column][\/et_pb_row][et_pb_row column_structure=\u00bb1_2,1_2&#8243; _builder_version=\u00bb4.8.2&#8243; _module_preset=\u00bbdefault\u00bb custom_margin=\u00bb80px|auto|80px|auto|true|\u00bb][et_pb_column type=\u00bb1_2&#8243; _builder_version=\u00bb4.8.2&#8243; _module_preset=\u00bbdefault\u00bb][et_pb_image src=\u00bbhttps:\/\/grupomya.es\/wp-content\/uploads\/2021\/06\/student-849825_1280_1.jpg\u00bb title_text=\u00bbstudent-849825_1280_1&#8243; _builder_version=\u00bb4.8.2&#8243; _module_preset=\u00bbdefault\u00bb custom_padding=\u00bb100px|||||\u00bb][\/et_pb_image][\/et_pb_column][et_pb_column type=\u00bb1_2&#8243; _builder_version=\u00bb4.8.2&#8243; _module_preset=\u00bbdefault\u00bb][et_pb_text _builder_version=\u00bb4.8.2&#8243; _module_preset=\u00bbdefault\u00bb]<\/p>\n<h1><span style=\"color: #e02b20;\">\u00bfC\u00f3mo obtener el carnet RITE?<\/span><\/h1>\n<p style=\"text-align: justify;\"><span style=\"color: #000000;\">Las pr\u00e1cticas del curso son las que actualmente hay vigentes, se desempe\u00f1aran en nuestras instalaciones, centro homologado por la Junta de Andaluc\u00eda para una amplia gama de cursos y acondicionado como marca la normativa vigente.<\/span><\/p>\n<p style=\"text-align: justify;\"><span style=\"color: #000000;\">\u2666\u00a0Realizaci\u00f3n del Curso Rite te\u00f3rico-practico de 450 horas en entidad formadora acreditada y superar el examen ante el personal de Industria.<\/span><\/p>\n<p style=\"text-align: justify;\"><span style=\"color: #000000;\">\u2666\u00a0Realizaci\u00f3n del Curso Rite te\u00f3rico-practico de 450 horas en entidad formadora acreditada con horario flexible y superar el examen ante la entidad certificadora independiente.<\/span><\/p>\n<p style=\"text-align: justify;\"><span style=\"color: #000000;\">Grupo MYA como entidad formadora acredita proporciona los medios materiales necesarios, tales como material para clases te\u00f3ricas, instalaciones para clases pr\u00e1cticas y material did\u00e1ctico utilizado por los profesores y alumnos.<\/span><\/p>\n<p style=\"text-align: justify;\"><span style=\"color: #000000;\">El curso se puede obtener a trav\u00e9s de los cr\u00e9ditos bonificables de la formaci\u00f3n bonificada de Fundaci\u00f3n Estatal para la Formaci\u00f3n en el Empleo (FUNDAE) cada empresa dispone de una ayuda econ\u00f3mica que se hace efectiva mediante bonificaciones en las cotizaciones a la Seguridad Social. Las empresas que no puedan acceder a trav\u00e9s de los cr\u00e9ditos bonificados a trav\u00e9s de FUNDAE, tendr\u00e1 un precio de 1.400\u20ac, incluida la tasa de examen y la inscripci\u00f3n de los alumnos.<\/span><\/p>\n<p>[\/et_pb_text][\/et_pb_column][\/et_pb_row][\/et_pb_section][et_pb_section fb_built=\u00bb1&#8243; admin_label=\u00bbContact Info\u00bb _builder_version=\u00bb3.22&#8243; custom_padding=\u00bb54px|0|80px|0px|false|false\u00bb global_module=\u00bb219&#8243;][et_pb_row column_structure=\u00bb2_3,1_3&#8243; make_equal=\u00bbon\u00bb custom_padding_last_edited=\u00bboff|desktop\u00bb padding_top_bottom_link_1=\u00bbtrue\u00bb padding_top_bottom_link_2=\u00bbtrue\u00bb padding_left_right_link_1=\u00bbfalse\u00bb padding_left_right_link_2=\u00bbtrue\u00bb _builder_version=\u00bb3.25&#8243; background_color=\u00bb#ffffff\u00bb max_width=\u00bb1280px\u00bb custom_padding=\u00bb0px||0px||true\u00bb custom_padding_phone=\u00bb|20px||20px||true\u00bb animation_style=\u00bbzoom\u00bb animation_intensity_zoom=\u00bb2%\u00bb border_radii=\u00bbon|12px|12px|12px|12px\u00bb box_shadow_style=\u00bbpreset1&#8243; box_shadow_vertical=\u00bb50px\u00bb box_shadow_blur=\u00bb80px\u00bb box_shadow_color=\u00bbrgba(15,19,25,0.1)\u00bb use_custom_width=\u00bbon\u00bb custom_width_px=\u00bb1280px\u00bb][et_pb_column type=\u00bb2_3&#8243; _builder_version=\u00bb3.25&#8243; custom_padding=\u00bb60px||60px|40px\u00bb custom_padding_tablet=\u00bb|40px||\u00bb custom_padding_phone=\u00bb40px|20px|40px|20px|true|true\u00bb custom_padding_last_edited=\u00bbon|tablet\u00bb custom_padding__hover=\u00bb|||\u00bb][et_pb_text _builder_version=\u00bb3.27.4&#8243; text_font=\u00bb||||||||\u00bb text_font_size=\u00bb16px\u00bb text_line_height=\u00bb2em\u00bb ul_font=\u00bb||||||||\u00bb ol_font=\u00bb||||||||\u00bb header_font=\u00bb||||||||\u00bb header_2_font=\u00bbEB Garamond||||||||\u00bb header_2_font_size=\u00bb50px\u00bb header_2_line_height=\u00bb1.3em\u00bb header_3_font=\u00bb||||||||\u00bb header_4_font=\u00bb|700||on|||||\u00bb header_4_text_color=\u00bb#ffdaa4&#8243; header_4_font_size=\u00bb12px\u00bb header_4_letter_spacing=\u00bb2px\u00bb header_4_line_height=\u00bb2em\u00bb header_5_font=\u00bb||||||||\u00bb header_6_font=\u00bb||||||||\u00bb header_2_font_size_tablet=\u00bb40px\u00bb header_2_font_size_phone=\u00bb30px\u00bb header_2_font_size_last_edited=\u00bbon|phone\u00bb locked=\u00bboff\u00bb]<\/p>\n<h4>\u00a0<\/h4>\n<h2>\u00a1Estamos a tu disposici\u00f3n!<\/h2>\n<p>[\/et_pb_text][et_pb_contact_form captcha=\u00bboff\u00bb email=\u00bbinfo@grupomya.es\u00bb module_id=\u00bbet_pb_contact_form_0&#8243; _builder_version=\u00bb3.23&#8243; form_field_background_color=\u00bb#f3f4f5&#8243; form_field_line_height=\u00bb2em\u00bb custom_button=\u00bbon\u00bb button_text_size=\u00bb16px\u00bb button_text_color=\u00bb#ffffff\u00bb button_bg_color=\u00bb#ff4d54&#8243; button_border_width=\u00bb10px\u00bb button_border_color=\u00bbrgba(0,0,0,0)\u00bb button_border_radius=\u00bb100px\u00bb button_letter_spacing=\u00bb1px\u00bb button_font=\u00bb|700||on|||||\u00bb border_radii=\u00bbon|3px|3px|3px|3px\u00bb box_shadow_style_button=\u00bbpreset1&#8243; box_shadow_vertical_button=\u00bb10px\u00bb box_shadow_blur_button=\u00bb30px\u00bb box_shadow_color_button=\u00bbrgba(255,77,84,0.24)\u00bb form_background_color=\u00bb#f3f4f5&#8243; button_letter_spacing_hover=\u00bb1px\u00bb][et_pb_contact_field field_id=\u00bbNombre\u00bb field_title=\u00bbName\u00bb _builder_version=\u00bb3.17.2&#8243; button_text_size__hover_enabled=\u00bboff\u00bb button_one_text_size__hover_enabled=\u00bboff\u00bb button_two_text_size__hover_enabled=\u00bboff\u00bb button_text_color__hover_enabled=\u00bboff\u00bb button_one_text_color__hover_enabled=\u00bboff\u00bb button_two_text_color__hover_enabled=\u00bboff\u00bb button_border_width__hover_enabled=\u00bboff\u00bb button_one_border_width__hover_enabled=\u00bboff\u00bb button_two_border_width__hover_enabled=\u00bboff\u00bb button_border_color__hover_enabled=\u00bboff\u00bb button_one_border_color__hover_enabled=\u00bboff\u00bb button_two_border_color__hover_enabled=\u00bboff\u00bb button_border_radius__hover_enabled=\u00bboff\u00bb button_one_border_radius__hover_enabled=\u00bboff\u00bb button_two_border_radius__hover_enabled=\u00bboff\u00bb button_letter_spacing__hover_enabled=\u00bboff\u00bb button_one_letter_spacing__hover_enabled=\u00bboff\u00bb button_two_letter_spacing__hover_enabled=\u00bboff\u00bb button_bg_color__hover_enabled=\u00bboff\u00bb button_one_bg_color__hover_enabled=\u00bboff\u00bb button_two_bg_color__hover_enabled=\u00bboff\u00bb][\/et_pb_contact_field][et_pb_contact_field field_id=\u00bbEmail\u00bb field_title=\u00bbEmail \u00bb field_type=\u00bbemail\u00bb _builder_version=\u00bb3.17.2&#8243; button_text_size__hover_enabled=\u00bboff\u00bb button_one_text_size__hover_enabled=\u00bboff\u00bb button_two_text_size__hover_enabled=\u00bboff\u00bb button_text_color__hover_enabled=\u00bboff\u00bb button_one_text_color__hover_enabled=\u00bboff\u00bb button_two_text_color__hover_enabled=\u00bboff\u00bb button_border_width__hover_enabled=\u00bboff\u00bb button_one_border_width__hover_enabled=\u00bboff\u00bb button_two_border_width__hover_enabled=\u00bboff\u00bb button_border_color__hover_enabled=\u00bboff\u00bb button_one_border_color__hover_enabled=\u00bboff\u00bb button_two_border_color__hover_enabled=\u00bboff\u00bb button_border_radius__hover_enabled=\u00bboff\u00bb button_one_border_radius__hover_enabled=\u00bboff\u00bb button_two_border_radius__hover_enabled=\u00bboff\u00bb button_letter_spacing__hover_enabled=\u00bboff\u00bb button_one_letter_spacing__hover_enabled=\u00bboff\u00bb button_two_letter_spacing__hover_enabled=\u00bboff\u00bb button_bg_color__hover_enabled=\u00bboff\u00bb button_one_bg_color__hover_enabled=\u00bboff\u00bb button_two_bg_color__hover_enabled=\u00bboff\u00bb][\/et_pb_contact_field][et_pb_contact_field field_id=\u00bbMessage\u00bb field_title=\u00bbTexto\u00bb field_type=\u00bbtext\u00bb fullwidth_field=\u00bbon\u00bb _builder_version=\u00bb3.17.2&#8243; form_field_font=\u00bb||||||||\u00bb custom_margin=\u00bb||40px|\u00bb button_text_size__hover_enabled=\u00bboff\u00bb button_one_text_size__hover_enabled=\u00bboff\u00bb button_two_text_size__hover_enabled=\u00bboff\u00bb button_text_color__hover_enabled=\u00bboff\u00bb button_one_text_color__hover_enabled=\u00bboff\u00bb button_two_text_color__hover_enabled=\u00bboff\u00bb button_border_width__hover_enabled=\u00bboff\u00bb button_one_border_width__hover_enabled=\u00bboff\u00bb button_two_border_width__hover_enabled=\u00bboff\u00bb button_border_color__hover_enabled=\u00bboff\u00bb button_one_border_color__hover_enabled=\u00bboff\u00bb button_two_border_color__hover_enabled=\u00bboff\u00bb button_border_radius__hover_enabled=\u00bboff\u00bb button_one_border_radius__hover_enabled=\u00bboff\u00bb button_two_border_radius__hover_enabled=\u00bboff\u00bb button_letter_spacing__hover_enabled=\u00bboff\u00bb button_one_letter_spacing__hover_enabled=\u00bboff\u00bb button_two_letter_spacing__hover_enabled=\u00bboff\u00bb button_bg_color__hover_enabled=\u00bboff\u00bb button_one_bg_color__hover_enabled=\u00bboff\u00bb button_two_bg_color__hover_enabled=\u00bboff\u00bb][\/et_pb_contact_field][\/et_pb_contact_form][\/et_pb_column][et_pb_column type=\u00bb1_3&#8243; _builder_version=\u00bb3.25&#8243; background_color=\u00bb#ffdaa4&#8243; custom_padding=\u00bb60px|40px|60px|40px\u00bb custom_padding_tablet=\u00bb60px||60px||true|true\u00bb custom_padding_phone=\u00bb40px|20px|40px|20px|true|true\u00bb custom_padding_last_edited=\u00bbon|tablet\u00bb custom_padding__hover=\u00bb|||\u00bb][et_pb_text _builder_version=\u00bb3.27.4&#8243; text_font=\u00bb||||||||\u00bb text_font_size=\u00bb15px\u00bb text_line_height=\u00bb2em\u00bb header_font=\u00bb||||||||\u00bb header_2_font=\u00bb||||||||\u00bb header_3_font=\u00bbEB Garamond||||||||\u00bb header_3_font_size=\u00bb30px\u00bb header_3_line_height=\u00bb1.4em\u00bb header_4_font=\u00bb|700||on|||||\u00bb header_4_text_color=\u00bbrgba(0,0,0,0.21)\u00bb header_4_font_size=\u00bb12px\u00bb header_4_letter_spacing=\u00bb2px\u00bb header_4_line_height=\u00bb2em\u00bb text_line_height_tablet=\u00bb\u00bb text_line_height_phone=\u00bb1.6em\u00bb text_line_height_last_edited=\u00bbon|phone\u00bb header_3_font_size_phone=\u00bb30px\u00bb header_3_font_size_last_edited=\u00bboff|desktop\u00bb locked=\u00bboff\u00bb]<\/p>\n<h4>\u00a0<\/h4>\n<h3>Contacta<\/h3>\n<p>[\/et_pb_text][et_pb_blurb title=\u00bbDireccion de Email\u00bb use_icon=\u00bbon\u00bb font_icon=\u00bb%%238%%\u00bb icon_color=\u00bb#1d2530&#8243; icon_placement=\u00bbleft\u00bb content_max_width=\u00bb1100px\u00bb image_max_width_phone=\u00bb50px\u00bb image_max_width_last_edited=\u00bboff|desktop\u00bb _builder_version=\u00bb3.11&#8243; header_font=\u00bb|600|||||||\u00bb header_font_size=\u00bb18px\u00bb header_line_height=\u00bb1.6em\u00bb body_font=\u00bb||||||||\u00bb body_font_size=\u00bb15px\u00bb body_line_height=\u00bb2em\u00bb header_font_size_tablet=\u00bb\u00bb header_font_size_phone=\u00bb15px\u00bb header_font_size_last_edited=\u00bbon|phone\u00bb body_line_height_tablet=\u00bb\u00bb body_line_height_phone=\u00bb1.6em\u00bb body_line_height_last_edited=\u00bbon|phone\u00bb locked=\u00bboff\u00bb]<\/p>\n<p>info@grupomya.es<br \/>comercial@grupomya.es<\/p>\n<p>[\/et_pb_blurb][et_pb_blurb title=\u00bbDirecci\u00f3n Alcala la Real\u00bb use_icon=\u00bbon\u00bb font_icon=\u00bb%%249%%\u00bb icon_color=\u00bb#1d2530&#8243; icon_placement=\u00bbleft\u00bb content_max_width=\u00bb1100px\u00bb image_max_width_phone=\u00bb50px\u00bb image_max_width_last_edited=\u00bboff|desktop\u00bb _builder_version=\u00bb3.11&#8243; header_font=\u00bb|600|||||||\u00bb header_font_size=\u00bb18px\u00bb header_line_height=\u00bb1.6em\u00bb body_font=\u00bb||||||||\u00bb body_font_size=\u00bb15px\u00bb body_line_height=\u00bb2em\u00bb header_font_size_tablet=\u00bb\u00bb header_font_size_phone=\u00bb15px\u00bb header_font_size_last_edited=\u00bbon|phone\u00bb body_line_height_tablet=\u00bb\u00bb body_line_height_phone=\u00bb1.6em\u00bb body_line_height_last_edited=\u00bbon|phone\u00bb locked=\u00bboff\u00bb]<\/p>\n<p>Avenida de Iberoamerica 11 (local comercial)<br \/>Alcal\u00e1 la Real (Ja\u00e9n)<\/p>\n<p>[\/et_pb_blurb][et_pb_blurb title=\u00bbDirecci\u00f3n Ja\u00e9n\u00bb use_icon=\u00bbon\u00bb font_icon=\u00bb%%249%%\u00bb icon_color=\u00bb#1d2530&#8243; icon_placement=\u00bbleft\u00bb content_max_width=\u00bb1100px\u00bb image_max_width_phone=\u00bb50px\u00bb image_max_width_last_edited=\u00bboff|desktop\u00bb _builder_version=\u00bb3.11&#8243; header_font=\u00bb|600|||||||\u00bb header_font_size=\u00bb18px\u00bb header_line_height=\u00bb1.6em\u00bb body_font=\u00bb||||||||\u00bb body_font_size=\u00bb15px\u00bb body_line_height=\u00bb2em\u00bb header_font_size_tablet=\u00bb\u00bb header_font_size_phone=\u00bb15px\u00bb header_font_size_last_edited=\u00bbon|phone\u00bb body_line_height_tablet=\u00bb\u00bb body_line_height_phone=\u00bb1.6em\u00bb body_line_height_last_edited=\u00bbon|phone\u00bb locked=\u00bboff\u00bb]<\/p>\n<p>Ortega Nieto Parcela 19 N\u00aa4<br \/>Ja\u00e9n<\/p>\n<p>[\/et_pb_blurb][et_pb_blurb title=\u00bbTelefonos\u00bb use_icon=\u00bbon\u00bb font_icon=\u00bb%%264%%\u00bb icon_color=\u00bb#1d2530&#8243; icon_placement=\u00bbleft\u00bb content_max_width=\u00bb1100px\u00bb image_max_width_phone=\u00bb50px\u00bb image_max_width_last_edited=\u00bboff|desktop\u00bb _builder_version=\u00bb3.11&#8243; header_font=\u00bb|600|||||||\u00bb header_font_size=\u00bb18px\u00bb header_line_height=\u00bb1.6em\u00bb body_font=\u00bb||||||||\u00bb body_font_size=\u00bb15px\u00bb body_line_height=\u00bb2em\u00bb header_font_size_tablet=\u00bb\u00bb header_font_size_phone=\u00bb15px\u00bb header_font_size_last_edited=\u00bbon|phone\u00bb body_line_height_tablet=\u00bb\u00bb body_line_height_phone=\u00bb1.6em\u00bb body_line_height_last_edited=\u00bbon|phone\u00bb locked=\u00bboff\u00bb]<\/p>\n<p>Alcal\u00e1 la Real: 953583528<br \/>Ja\u00e9n: 953578817<\/p>\n<p>[\/et_pb_blurb][\/et_pb_column][\/et_pb_row][\/et_pb_section]<\/p>\n","protected":false},"excerpt":{"rendered":"<p>[et_pb_section fb_built=\u00bb1&#8243; custom_padding_last_edited=\u00bbon|desktop\u00bb admin_label=\u00bbHeader\u00bb _builder_version=\u00bb3.22&#8243; background_image=\u00bbhttps:\/\/grupomya.es\/wp-content\/uploads\/2018\/10\/portada.jpg\u00bb background_size=\u00bbcontain\u00bb background_position=\u00bbtop_right\u00bb custom_padding=\u00bb110px|||0|false|false\u00bb custom_padding_tablet=\u00bb140px|0px|50px|0px|false|false\u00bb custom_padding_phone=\u00bb120px|||\u00bb][et_pb_row column_structure=\u00bb1_2,1_2&#8243; _builder_version=\u00bb3.25&#8243; max_width=\u00bb1280px\u00bb use_custom_width=\u00bbon\u00bb custom_width_px=\u00bb1280px\u00bb][et_pb_column type=\u00bb1_2&#8243; _builder_version=\u00bb3.25&#8243; custom_padding=\u00bb|||\u00bb custom_padding__hover=\u00bb|||\u00bb][et_pb_text _builder_version=\u00bb3.27.4&#8243; text_font=\u00bb||||||||\u00bb text_font_size=\u00bb18px\u00bb text_line_height=\u00bb2em\u00bb header_font=\u00bbEB Garamond||||||||\u00bb header_font_size=\u00bb60px\u00bb header_line_height=\u00bb1.3em\u00bb max_width=\u00bb600px\u00bb text_font_size_tablet=\u00bb\u00bb text_font_size_phone=\u00bb15px\u00bb text_font_size_last_edited=\u00bbon|phone\u00bb text_line_height_tablet=\u00bb\u00bb text_line_height_phone=\u00bb1.6em\u00bb text_line_height_last_edited=\u00bbon|phone\u00bb header_font_size_tablet=\u00bb50px\u00bb header_font_size_phone=\u00bb32px\u00bb header_font_size_last_edited=\u00bbon|phone\u00bb] Formaci\u00f3n . Empleo . Certificados de Profesionalidad . Marketing . Gesti\u00f3n Empresarial . Asesor\u00eda de Empresas . [&hellip;]<\/p>\n","protected":false},"author":2,"featured_media":0,"parent":0,"menu_order":9,"comment_status":"closed","ping_status":"closed","template":"","meta":{"_et_pb_use_builder":"on","_et_pb_old_content":"<p>This is an example page. It's different from a blog post because it will stay in one place and will show up in your site navigation (in most themes). Most people start with an About page that introduces them to potential site visitors. It might say something like this:<\/p><blockquote><p>Hi there! I'm a bike messenger by day, aspiring actor by night, and this is my website. I live in Los Angeles, have a great dog named Jack, and I like pi\u00f1a coladas. (And gettin' caught in the rain.)<\/p><\/blockquote><p>...or something like this:<\/p><blockquote><p>The XYZ Doohickey Company was founded in 1971, and has been providing quality doohickeys to the public ever since. Located in Gotham City, XYZ employs over 2,000 people and does all kinds of awesome things for the Gotham community.<\/p><\/blockquote><p>As a new WordPress user, you should go to <a href=\"https:\/\/grupomya.es\/wp-admin\/\">your dashboard<\/a> to delete this page and create new pages for your content. Have fun!<\/p>","_et_gb_content_width":""},"_links":{"self":[{"href":"https:\/\/grupomya.es\/index.php\/wp-json\/wp\/v2\/pages\/1115"}],"collection":[{"href":"https:\/\/grupomya.es\/index.php\/wp-json\/wp\/v2\/pages"}],"about":[{"href":"https:\/\/grupomya.es\/index.php\/wp-json\/wp\/v2\/types\/page"}],"author":[{"embeddable":true,"href":"https:\/\/grupomya.es\/index.php\/wp-json\/wp\/v2\/users\/2"}],"replies":[{"embeddable":true,"href":"https:\/\/grupomya.es\/index.php\/wp-json\/wp\/v2\/comments?post=1115"}],"version-history":[{"count":9,"href":"https:\/\/grupomya.es\/index.php\/wp-json\/wp\/v2\/pages\/1115\/revisions"}],"predecessor-version":[{"id":1319,"href":"https:\/\/grupomya.es\/index.php\/wp-json\/wp\/v2\/pages\/1115\/revisions\/1319"}],"wp:attachment":[{"href":"https:\/\/grupomya.es\/index.php\/wp-json\/wp\/v2\/media?parent=1115"}],"curies":[{"name":"wp","href":"https:\/\/api.w.org\/{rel}","templated":true}]}}